{"id":95,"date":"2024-08-11T13:32:56","date_gmt":"2024-08-11T11:32:56","guid":{"rendered":"https:\/\/ameliehennion.fr\/?page_id=95"},"modified":"2025-01-13T20:57:37","modified_gmt":"2025-01-13T19:57:37","slug":"projet-hey-lapp-dediee-aux-fans","status":"publish","type":"page","link":"https:\/\/ameliehennion.fr\/en\/projet-hey-lapp-dediee-aux-fans\/","title":{"rendered":"Projet Hey! L&rsquo;app d\u00e9di\u00e9e aux fans"},"content":{"rendered":"<div class=\"wp-block-uagb-container uagb-block-aokzqu0e alignfull uagb-is-root-container\"><div class=\"uagb-container-inner-blocks-wrap\">\n<div class=\"wp-block-uagb-info-box uagb-block-ctc3blar uagb-infobox__content-wrap  uagb-infobox-icon-above-title uagb-infobox-image-valign-top\"><div class=\"uagb-ifb-content\"><div class=\"uagb-ifb-title-wrap\"><p class=\"uagb-ifb-title-prefix\">Hey! The must-have app for fans<\/p><h2 class=\"uagb-ifb-title\">Gamify an app dedicated to fans<\/h2><\/div><p class=\"uagb-ifb-desc\">Hey! is a mobile app that allows fans to interact with their favorite artists. It offers various features such as messaging, videos &amp; live streams, and a virtual currency. The main goal of the redesign is to gamify the user experience in order to energize the app and build an active community of fans.<\/p><\/div><\/div>\n\n\n\n<div class=\"wp-block-uagb-container uagb-block-1qannyk5\">\n<div class=\"wp-block-uagb-container uagb-block-o5qg3lbc\">\n<div class=\"wp-block-uagb-container uagb-block-hkxmxcpq\">\n<div class=\"wp-block-uagb-advanced-heading uagb-block-oxvuswbs\"><h3 class=\"uagb-heading-text\">Goals<\/h3><\/div>\n<\/div>\n\n\n\n<div class=\"wp-block-uagb-container uagb-block-fk3hjnpo\">\n<div class=\"wp-block-uagb-advanced-heading uagb-block-jytcji15\"><p class=\"uagb-heading-text\">The main objective was to redesign the Hey! app by taking into account the needs of product owners and users. The idea was to further gamify the artist-fan experience to attract more users and create a more engaged community. <\/p><\/div>\n<\/div>\n<\/div>\n\n\n\n<div class=\"wp-block-uagb-container uagb-block-wkjtmrvq\">\n<div class=\"wp-block-uagb-container uagb-block-rpikxhg4\">\n<div class=\"wp-block-uagb-advanced-heading uagb-block-lcrpmt7j\"><h3 class=\"uagb-heading-text\">Team<\/h3><\/div>\n<\/div>\n\n\n\n<div class=\"wp-block-uagb-container uagb-block-vqvskalu\">\n<div class=\"wp-block-uagb-advanced-heading uagb-block-dg2uohuh\"><p class=\"uagb-heading-text\">As part of this project, I had the opportunity to work with Sarah Gergaud, Lead UX Designer; Lyse Dupisson, UI Designer; as well as the product owners: Didier Borg and Pierre Lefebvre. <\/p><\/div>\n<\/div>\n<\/div>\n<\/div>\n<\/div><\/div>\n\n\n\n<div class=\"wp-block-uagb-container uagb-block-ruehqgqb alignfull uagb-is-root-container\"><div class=\"uagb-container-inner-blocks-wrap\">\n<div class=\"wp-block-uagb-container uagb-layout-grid uagb-block-l9feowlh\">\n<div class=\"wp-block-uagb-image aligncenter uagb-block-eaidfyif wp-block-uagb-image--layout-default wp-block-uagb-image--effect-static wp-block-uagb-image--align-center\"><figure class=\"wp-block-uagb-image__figure\"><img decoding=\"async\" srcset=\"https:\/\/ameliehennion.fr\/wp-content\/uploads\/2024\/08\/Projet-Hey-1024x641.png ,https:\/\/ameliehennion.fr\/wp-content\/uploads\/2024\/08\/Projet-Hey.png 780w, https:\/\/ameliehennion.fr\/wp-content\/uploads\/2024\/08\/Projet-Hey.png 360w\" sizes=\"auto, (max-width: 480px) 150px\" src=\"https:\/\/ameliehennion.fr\/wp-content\/uploads\/2024\/08\/Projet-Hey-1024x641.png\" alt=\"Projet Hey\" class=\"uag-image-67\" width=\"1024\" height=\"641\" title=\"Projet Hey\" loading=\"lazy\" role=\"img\"\/><\/figure><\/div>\n<\/div>\n<\/div><\/div>\n\n\n\n<div class=\"wp-block-uagb-container uagb-block-cdpzfoel alignfull uagb-is-root-container\"><div class=\"uagb-container-inner-blocks-wrap\">\n<div class=\"wp-block-uagb-info-box uagb-block-290bb022 uagb-infobox__content-wrap  uagb-infobox-icon-above-title uagb-infobox-image-valign-top\"><div class=\"uagb-ifb-content\"><div class=\"uagb-ifb-title-wrap\"><h2 class=\"uagb-ifb-title\">Methodology <\/h2><\/div><\/div><\/div>\n\n\n\n<div class=\"wp-block-uagb-image aligncenter uagb-block-26718669 wp-block-uagb-image--layout-default wp-block-uagb-image--effect-static wp-block-uagb-image--align-center\"><figure class=\"wp-block-uagb-image__figure\"><img decoding=\"async\" srcset=\"https:\/\/ameliehennion.fr\/wp-content\/uploads\/2024\/08\/hey-design-thinking-2.png ,https:\/\/ameliehennion.fr\/wp-content\/uploads\/2024\/08\/hey-design-thinking-2.png 780w, https:\/\/ameliehennion.fr\/wp-content\/uploads\/2024\/08\/hey-design-thinking-2.png 360w\" sizes=\"auto, (max-width: 480px) 150px\" src=\"https:\/\/ameliehennion.fr\/wp-content\/uploads\/2024\/08\/hey-design-thinking-2.png\" alt=\"Hey Design Thinking\" class=\"uag-image-144\" width=\"734\" height=\"157\" title=\"hey design thinking\" loading=\"lazy\" role=\"img\"\/><\/figure><\/div>\n\n\n\n<div class=\"wp-block-uagb-container uagb-block-fdkoyudr\">\n<p>During this project, I worked as a UX Designer. The goal was to redesign the Hey! app. This app needed to be optimized to create a much more authentic and engaging fan-artist experience. The definition phase allowed us to gather concrete feedback on the existing app. During this phase, I conducted two interviews: the first with the product owners and the second with an artist involved with Hey! The ideation phase helped brainstorm essential new features, including gamification.<\/p>\n\n\n\n<p>Afterwards, I worked with the team on the design phase alongside Sarah and Lyse. The mockups were presented progressively throughout the workshops, which allowed us to gather valuable feedback. This feedback was useful for further optimizing the user experience!<\/p>\n<\/div>\n<\/div><\/div>\n\n\n\n<div class=\"wp-block-uagb-container uagb-block-1c6fefc4 alignfull uagb-is-root-container\"><div class=\"uagb-container-inner-blocks-wrap\">\n<div class=\"wp-block-uagb-container uagb-block-8bcd9fbe\">\n<figure class=\"wp-block-image size-large\"><img loading=\"lazy\" decoding=\"async\" width=\"1024\" height=\"728\" src=\"https:\/\/ameliehennion.fr\/wp-content\/uploads\/2024\/08\/BO-Login-1024x728.png\" alt=\"Back office Hey\" class=\"wp-image-99\" style=\"aspect-ratio:4\/3;object-fit:contain\" srcset=\"https:\/\/ameliehennion.fr\/wp-content\/uploads\/2024\/08\/BO-Login-1024x728.png 1024w, https:\/\/ameliehennion.fr\/wp-content\/uploads\/2024\/08\/BO-Login-300x213.png 300w, https:\/\/ameliehennion.fr\/wp-content\/uploads\/2024\/08\/BO-Login-768x546.png 768w, https:\/\/ameliehennion.fr\/wp-content\/uploads\/2024\/08\/BO-Login.png 1440w\" sizes=\"auto, (max-width: 1024px) 100vw, 1024px\" \/><\/figure>\n<\/div>\n\n\n\n<div class=\"wp-block-uagb-container uagb-block-c4f9fa21\">\n<figure class=\"wp-block-image size-large is-resized\"><img loading=\"lazy\" decoding=\"async\" width=\"1024\" height=\"816\" src=\"https:\/\/ameliehennion.fr\/wp-content\/uploads\/2024\/08\/BO-Planification-Evenement-1024x816.png\" alt=\"Planification Evenement\" class=\"wp-image-158\" style=\"aspect-ratio:1.3333333333333333;object-fit:contain;width:600px;height:auto\" srcset=\"https:\/\/ameliehennion.fr\/wp-content\/uploads\/2024\/08\/BO-Planification-Evenement-1024x816.png 1024w, https:\/\/ameliehennion.fr\/wp-content\/uploads\/2024\/08\/BO-Planification-Evenement-300x239.png 300w, https:\/\/ameliehennion.fr\/wp-content\/uploads\/2024\/08\/BO-Planification-Evenement-768x612.png 768w, https:\/\/ameliehennion.fr\/wp-content\/uploads\/2024\/08\/BO-Planification-Evenement.png 1440w\" sizes=\"auto, (max-width: 1024px) 100vw, 1024px\" \/><\/figure>\n<\/div>\n<\/div><\/div>\n\n\n\n<p><\/p>","protected":false},"excerpt":{"rendered":"<p>Objectifs L&rsquo;objectif principal \u00e9tait d&rsquo;effectuer une refonte de l&rsquo;application Hey! en prenant en compte les besoins des products owners et [&hellip;]<\/p>\n","protected":false},"author":1,"featured_media":67,"parent":0,"menu_order":0,"comment_status":"closed","ping_status":"closed","template":"","meta":{"_uag_custom_page_level_css":"","site-sidebar-layout":"default","site-content-layout":"","ast-site-content-layout":"full-width-container","site-content-style":"default","site-sidebar-style":"default","ast-global-header-display":"","ast-banner-title-visibility":"","ast-main-header-display":"","ast-hfb-above-header-display":"","ast-hfb-below-header-display":"","ast-hfb-mobile-header-display":"","site-post-title":"disabled","ast-breadcrumbs-content":"","ast-featured-img":"","footer-sml-layout":"","theme-transparent-header-meta":"","adv-header-id-meta":"","stick-header-meta":"","header-above-stick-meta":"","header-main-stick-meta":"","header-below-stick-meta":"","astra-migrate-meta-layouts":"set","ast-page-background-enabled":"default","ast-page-background-meta":{"desktop":{"background-color":"var(--ast-global-color-4)","background-image":"","background-repeat":"repeat","background-position":"center center","background-size":"auto","background-attachment":"scroll","background-type":"","background-media":"","overlay-type":"","overlay-color":"","overlay-opacity":"","overlay-gradient":""},"tablet":{"background-color":"","background-image":"","background-repeat":"repeat","background-position":"center center","background-size":"auto","background-attachment":"scroll","background-type":"","background-media":"","overlay-type":"","overlay-color":"","overlay-opacity":"","overlay-gradient":""},"mobile":{"background-color":"","background-image":"","background-repeat":"repeat","background-position":"center center","background-size":"auto","background-attachment":"scroll","background-type":"","background-media":"","overlay-type":"","overlay-color":"","overlay-opacity":"","overlay-gradient":""}},"ast-content-background-meta":{"desktop":{"background-color":"var(--ast-global-color-5)","background-image":"","background-repeat":"repeat","background-position":"center center","background-size":"auto","background-attachment":"scroll","background-type":"","background-media":"","overlay-type":"","overlay-color":"","overlay-opacity":"","overlay-gradient":""},"tablet":{"background-color":"var(--ast-global-color-5)","background-image":"","background-repeat":"repeat","background-position":"center center","background-size":"auto","background-attachment":"scroll","background-type":"","background-media":"","overlay-type":"","overlay-color":"","overlay-opacity":"","overlay-gradient":""},"mobile":{"background-color":"var(--ast-global-color-5)","background-image":"","background-repeat":"repeat","background-position":"center center","background-size":"auto","background-attachment":"scroll","background-type":"","background-media":"","overlay-type":"","overlay-color":"","overlay-opacity":"","overlay-gradient":""}},"footnotes":""},"class_list":["post-95","page","type-page","status-publish","has-post-thumbnail","hentry"],"yoast_head":"<!-- This site is optimized with the Yoast SEO plugin v27.3 - https:\/\/yoast.com\/product\/yoast-seo-wordpress\/ -->\n<title>Projet Hey! L&#039;app d\u00e9di\u00e9e aux fans - Amelie Hennion<\/title>\n<meta name=\"description\" content=\"Hey est une application d\u00e9di\u00e9e aux fans ! Ce projet de refonte UX\/UI Design a permis de r\u00e9imaginer l&#039;exp\u00e9rience, notamment la gamification !\" \/>\n<meta name=\"robots\" content=\"index, follow, max-snippet:-1, max-image-preview:large, max-video-preview:-1\" \/>\n<link rel=\"canonical\" href=\"https:\/\/ameliehennion.fr\/en\/projet-hey-lapp-dediee-aux-fans\/\" \/>\n<meta property=\"og:locale\" content=\"en_GB\" \/>\n<meta property=\"og:type\" content=\"article\" \/>\n<meta property=\"og:title\" content=\"Projet Hey! L&#039;app d\u00e9di\u00e9e aux fans - Amelie Hennion\" \/>\n<meta property=\"og:description\" content=\"Hey est une application d\u00e9di\u00e9e aux fans ! Ce projet de refonte UX\/UI Design a permis de r\u00e9imaginer l&#039;exp\u00e9rience, notamment la gamification !\" \/>\n<meta property=\"og:url\" content=\"https:\/\/ameliehennion.fr\/en\/projet-hey-lapp-dediee-aux-fans\/\" \/>\n<meta property=\"og:site_name\" content=\"Amelie Hennion\" \/>\n<meta property=\"article:modified_time\" content=\"2025-01-13T19:57:37+00:00\" \/>\n<meta property=\"og:image\" content=\"https:\/\/ameliehennion.fr\/wp-content\/uploads\/2024\/08\/Projet-Hey.png\" \/>\n\t<meta property=\"og:image:width\" content=\"1440\" \/>\n\t<meta property=\"og:image:height\" content=\"902\" \/>\n\t<meta property=\"og:image:type\" content=\"image\/png\" \/>\n<meta name=\"twitter:card\" content=\"summary_large_image\" \/>\n<meta name=\"twitter:label1\" content=\"Estimated reading time\" \/>\n\t<meta name=\"twitter:data1\" content=\"3 minutes\" \/>\n<script type=\"application\/ld+json\" class=\"yoast-schema-graph\">{\"@context\":\"https:\\\/\\\/schema.org\",\"@graph\":[{\"@type\":\"WebPage\",\"@id\":\"https:\\\/\\\/ameliehennion.fr\\\/projet-hey-lapp-dediee-aux-fans\\\/\",\"url\":\"https:\\\/\\\/ameliehennion.fr\\\/projet-hey-lapp-dediee-aux-fans\\\/\",\"name\":\"Projet Hey! L'app d\u00e9di\u00e9e aux fans - Amelie Hennion\",\"isPartOf\":{\"@id\":\"https:\\\/\\\/ameliehennion.fr\\\/#website\"},\"primaryImageOfPage\":{\"@id\":\"https:\\\/\\\/ameliehennion.fr\\\/projet-hey-lapp-dediee-aux-fans\\\/#primaryimage\"},\"image\":{\"@id\":\"https:\\\/\\\/ameliehennion.fr\\\/projet-hey-lapp-dediee-aux-fans\\\/#primaryimage\"},\"thumbnailUrl\":\"https:\\\/\\\/ameliehennion.fr\\\/wp-content\\\/uploads\\\/2024\\\/08\\\/Projet-Hey.png\",\"datePublished\":\"2024-08-11T11:32:56+00:00\",\"dateModified\":\"2025-01-13T19:57:37+00:00\",\"description\":\"Hey est une application d\u00e9di\u00e9e aux fans ! Ce projet de refonte UX\\\/UI Design a permis de r\u00e9imaginer l'exp\u00e9rience, notamment la gamification !\",\"breadcrumb\":{\"@id\":\"https:\\\/\\\/ameliehennion.fr\\\/projet-hey-lapp-dediee-aux-fans\\\/#breadcrumb\"},\"inLanguage\":\"en-GB\",\"potentialAction\":[{\"@type\":\"ReadAction\",\"target\":[\"https:\\\/\\\/ameliehennion.fr\\\/projet-hey-lapp-dediee-aux-fans\\\/\"]}]},{\"@type\":\"ImageObject\",\"inLanguage\":\"en-GB\",\"@id\":\"https:\\\/\\\/ameliehennion.fr\\\/projet-hey-lapp-dediee-aux-fans\\\/#primaryimage\",\"url\":\"https:\\\/\\\/ameliehennion.fr\\\/wp-content\\\/uploads\\\/2024\\\/08\\\/Projet-Hey.png\",\"contentUrl\":\"https:\\\/\\\/ameliehennion.fr\\\/wp-content\\\/uploads\\\/2024\\\/08\\\/Projet-Hey.png\",\"width\":1440,\"height\":902,\"caption\":\"Projet Hey\"},{\"@type\":\"BreadcrumbList\",\"@id\":\"https:\\\/\\\/ameliehennion.fr\\\/projet-hey-lapp-dediee-aux-fans\\\/#breadcrumb\",\"itemListElement\":[{\"@type\":\"ListItem\",\"position\":1,\"name\":\"Home\",\"item\":\"https:\\\/\\\/ameliehennion.fr\\\/\"},{\"@type\":\"ListItem\",\"position\":2,\"name\":\"Projet Hey! L&rsquo;app d\u00e9di\u00e9e aux fans\"}]},{\"@type\":\"WebSite\",\"@id\":\"https:\\\/\\\/ameliehennion.fr\\\/#website\",\"url\":\"https:\\\/\\\/ameliehennion.fr\\\/\",\"name\":\"Amelie Hennion\",\"description\":\"UX\\\/UI Designer \",\"publisher\":{\"@id\":\"https:\\\/\\\/ameliehennion.fr\\\/#organization\"},\"potentialAction\":[{\"@type\":\"SearchAction\",\"target\":{\"@type\":\"EntryPoint\",\"urlTemplate\":\"https:\\\/\\\/ameliehennion.fr\\\/?s={search_term_string}\"},\"query-input\":{\"@type\":\"PropertyValueSpecification\",\"valueRequired\":true,\"valueName\":\"search_term_string\"}}],\"inLanguage\":\"en-GB\"},{\"@type\":\"Organization\",\"@id\":\"https:\\\/\\\/ameliehennion.fr\\\/#organization\",\"name\":\"Amelie Hennion\",\"url\":\"https:\\\/\\\/ameliehennion.fr\\\/\",\"logo\":{\"@type\":\"ImageObject\",\"inLanguage\":\"en-GB\",\"@id\":\"https:\\\/\\\/ameliehennion.fr\\\/#\\\/schema\\\/logo\\\/image\\\/\",\"url\":\"https:\\\/\\\/ameliehennion.fr\\\/wp-content\\\/uploads\\\/2024\\\/08\\\/logo_amelie_hennion.svg\",\"contentUrl\":\"https:\\\/\\\/ameliehennion.fr\\\/wp-content\\\/uploads\\\/2024\\\/08\\\/logo_amelie_hennion.svg\",\"caption\":\"Amelie Hennion\"},\"image\":{\"@id\":\"https:\\\/\\\/ameliehennion.fr\\\/#\\\/schema\\\/logo\\\/image\\\/\"}}]}<\/script>\n<!-- \/ Yoast SEO plugin. -->","yoast_head_json":{"title":"Projet Hey! L'app d\u00e9di\u00e9e aux fans - Amelie Hennion","description":"Hey est une application d\u00e9di\u00e9e aux fans ! Ce projet de refonte UX\/UI Design a permis de r\u00e9imaginer l'exp\u00e9rience, notamment la gamification !","robots":{"index":"index","follow":"follow","max-snippet":"max-snippet:-1","max-image-preview":"max-image-preview:large","max-video-preview":"max-video-preview:-1"},"canonical":"https:\/\/ameliehennion.fr\/en\/projet-hey-lapp-dediee-aux-fans\/","og_locale":"en_GB","og_type":"article","og_title":"Projet Hey! L'app d\u00e9di\u00e9e aux fans - Amelie Hennion","og_description":"Hey est une application d\u00e9di\u00e9e aux fans ! Ce projet de refonte UX\/UI Design a permis de r\u00e9imaginer l'exp\u00e9rience, notamment la gamification !","og_url":"https:\/\/ameliehennion.fr\/en\/projet-hey-lapp-dediee-aux-fans\/","og_site_name":"Amelie Hennion","article_modified_time":"2025-01-13T19:57:37+00:00","og_image":[{"width":1440,"height":902,"url":"https:\/\/ameliehennion.fr\/wp-content\/uploads\/2024\/08\/Projet-Hey.png","type":"image\/png"}],"twitter_card":"summary_large_image","twitter_misc":{"Estimated reading time":"3 minutes"},"schema":{"@context":"https:\/\/schema.org","@graph":[{"@type":"WebPage","@id":"https:\/\/ameliehennion.fr\/projet-hey-lapp-dediee-aux-fans\/","url":"https:\/\/ameliehennion.fr\/projet-hey-lapp-dediee-aux-fans\/","name":"Projet Hey! L'app d\u00e9di\u00e9e aux fans - Amelie Hennion","isPartOf":{"@id":"https:\/\/ameliehennion.fr\/#website"},"primaryImageOfPage":{"@id":"https:\/\/ameliehennion.fr\/projet-hey-lapp-dediee-aux-fans\/#primaryimage"},"image":{"@id":"https:\/\/ameliehennion.fr\/projet-hey-lapp-dediee-aux-fans\/#primaryimage"},"thumbnailUrl":"https:\/\/ameliehennion.fr\/wp-content\/uploads\/2024\/08\/Projet-Hey.png","datePublished":"2024-08-11T11:32:56+00:00","dateModified":"2025-01-13T19:57:37+00:00","description":"Hey est une application d\u00e9di\u00e9e aux fans ! Ce projet de refonte UX\/UI Design a permis de r\u00e9imaginer l'exp\u00e9rience, notamment la gamification !","breadcrumb":{"@id":"https:\/\/ameliehennion.fr\/projet-hey-lapp-dediee-aux-fans\/#breadcrumb"},"inLanguage":"en-GB","potentialAction":[{"@type":"ReadAction","target":["https:\/\/ameliehennion.fr\/projet-hey-lapp-dediee-aux-fans\/"]}]},{"@type":"ImageObject","inLanguage":"en-GB","@id":"https:\/\/ameliehennion.fr\/projet-hey-lapp-dediee-aux-fans\/#primaryimage","url":"https:\/\/ameliehennion.fr\/wp-content\/uploads\/2024\/08\/Projet-Hey.png","contentUrl":"https:\/\/ameliehennion.fr\/wp-content\/uploads\/2024\/08\/Projet-Hey.png","width":1440,"height":902,"caption":"Projet Hey"},{"@type":"BreadcrumbList","@id":"https:\/\/ameliehennion.fr\/projet-hey-lapp-dediee-aux-fans\/#breadcrumb","itemListElement":[{"@type":"ListItem","position":1,"name":"Home","item":"https:\/\/ameliehennion.fr\/"},{"@type":"ListItem","position":2,"name":"Projet Hey! L&rsquo;app d\u00e9di\u00e9e aux fans"}]},{"@type":"WebSite","@id":"https:\/\/ameliehennion.fr\/#website","url":"https:\/\/ameliehennion.fr\/","name":"Amelie Hennion","description":"UX\/UI Designer","publisher":{"@id":"https:\/\/ameliehennion.fr\/#organization"},"potentialAction":[{"@type":"SearchAction","target":{"@type":"EntryPoint","urlTemplate":"https:\/\/ameliehennion.fr\/?s={search_term_string}"},"query-input":{"@type":"PropertyValueSpecification","valueRequired":true,"valueName":"search_term_string"}}],"inLanguage":"en-GB"},{"@type":"Organization","@id":"https:\/\/ameliehennion.fr\/#organization","name":"Amelie Hennion","url":"https:\/\/ameliehennion.fr\/","logo":{"@type":"ImageObject","inLanguage":"en-GB","@id":"https:\/\/ameliehennion.fr\/#\/schema\/logo\/image\/","url":"https:\/\/ameliehennion.fr\/wp-content\/uploads\/2024\/08\/logo_amelie_hennion.svg","contentUrl":"https:\/\/ameliehennion.fr\/wp-content\/uploads\/2024\/08\/logo_amelie_hennion.svg","caption":"Amelie Hennion"},"image":{"@id":"https:\/\/ameliehennion.fr\/#\/schema\/logo\/image\/"}}]}},"uagb_featured_image_src":{"full":["https:\/\/ameliehennion.fr\/wp-content\/uploads\/2024\/08\/Projet-Hey.png",1440,902,false],"thumbnail":["https:\/\/ameliehennion.fr\/wp-content\/uploads\/2024\/08\/Projet-Hey-150x150.png",150,150,true],"medium":["https:\/\/ameliehennion.fr\/wp-content\/uploads\/2024\/08\/Projet-Hey-300x188.png",300,188,true],"medium_large":["https:\/\/ameliehennion.fr\/wp-content\/uploads\/2024\/08\/Projet-Hey-768x481.png",768,481,true],"large":["https:\/\/ameliehennion.fr\/wp-content\/uploads\/2024\/08\/Projet-Hey-1024x641.png",1024,641,true],"1536x1536":["https:\/\/ameliehennion.fr\/wp-content\/uploads\/2024\/08\/Projet-Hey.png",1440,902,false],"2048x2048":["https:\/\/ameliehennion.fr\/wp-content\/uploads\/2024\/08\/Projet-Hey.png",1440,902,false],"trp-custom-language-flag":["https:\/\/ameliehennion.fr\/wp-content\/uploads\/2024\/08\/Projet-Hey.png",18,12,false]},"uagb_author_info":{"display_name":"Hameli","author_link":"https:\/\/ameliehennion.fr\/en\/author\/hameli\/"},"uagb_comment_info":0,"uagb_excerpt":"Objectifs L&rsquo;objectif principal \u00e9tait d&rsquo;effectuer une refonte de l&rsquo;application Hey! en prenant en compte les besoins des products owners et [&hellip;]","_links":{"self":[{"href":"https:\/\/ameliehennion.fr\/en\/wp-json\/wp\/v2\/pages\/95","targetHints":{"allow":["GET"]}}],"collection":[{"href":"https:\/\/ameliehennion.fr\/en\/wp-json\/wp\/v2\/pages"}],"about":[{"href":"https:\/\/ameliehennion.fr\/en\/wp-json\/wp\/v2\/types\/page"}],"author":[{"embeddable":true,"href":"https:\/\/ameliehennion.fr\/en\/wp-json\/wp\/v2\/users\/1"}],"replies":[{"embeddable":true,"href":"https:\/\/ameliehennion.fr\/en\/wp-json\/wp\/v2\/comments?post=95"}],"version-history":[{"count":74,"href":"https:\/\/ameliehennion.fr\/en\/wp-json\/wp\/v2\/pages\/95\/revisions"}],"predecessor-version":[{"id":1817,"href":"https:\/\/ameliehennion.fr\/en\/wp-json\/wp\/v2\/pages\/95\/revisions\/1817"}],"wp:featuredmedia":[{"embeddable":true,"href":"https:\/\/ameliehennion.fr\/en\/wp-json\/wp\/v2\/media\/67"}],"wp:attachment":[{"href":"https:\/\/ameliehennion.fr\/en\/wp-json\/wp\/v2\/media?parent=95"}],"curies":[{"name":"wp","href":"https:\/\/api.w.org\/{rel}","templated":true}]}}